{"id":154,"date":"2016-02-17T05:41:20","date_gmt":"2016-02-17T05:41:20","guid":{"rendered":"http:\/\/demo.massivedynamic.co\/seo\/?page_id=154"},"modified":"2022-03-13T04:50:42","modified_gmt":"2022-03-13T01:50:42","slug":"home","status":"publish","type":"page","link":"https:\/\/beyazesyaadwords.com\/","title":{"rendered":"Beyaz E\u015fya Adwords &#8211; Beyaz E\u015fya Ads Uzman\u0131 &#8211; Beyaz E\u015fya Google Reklam Dan\u0131\u015fman\u0131"},"content":{"rendered":"","protected":false},"excerpt":{"rendered":"","protected":false},"author":1,"featured_media":0,"parent":0,"menu_order":0,"comment_status":"closed","ping_status":"closed","template":"","meta":{"footnotes":""},"class_list":["post-154","page","type-page","status-publish","hentry"],"_links":{"self":[{"href":"https:\/\/beyazesyaadwords.com\/index.php?rest_route=\/wp\/v2\/pages\/154","targetHints":{"allow":["GET"]}}],"collection":[{"href":"https:\/\/beyazesyaadwords.com\/index.php?rest_route=\/wp\/v2\/pages"}],"about":[{"href":"https:\/\/beyazesyaadwords.com\/index.php?rest_route=\/wp\/v2\/types\/page"}],"author":[{"embeddable":true,"href":"https:\/\/beyazesyaadwords.com\/index.php?rest_route=\/wp\/v2\/users\/1"}],"replies":[{"embeddable":true,"href":"https:\/\/beyazesyaadwords.com\/index.php?rest_route=%2Fwp%2Fv2%2Fcomments&post=154"}],"version-history":[{"count":10,"href":"https:\/\/beyazesyaadwords.com\/index.php?rest_route=\/wp\/v2\/pages\/154\/revisions"}],"predecessor-version":[{"id":1028,"href":"https:\/\/beyazesyaadwords.com\/index.php?rest_route=\/wp\/v2\/pages\/154\/revisions\/1028"}],"wp:attachment":[{"href":"https:\/\/beyazesyaadwords.com\/index.php?rest_route=%2Fwp%2Fv2%2Fmedia&parent=154"}],"curies":[{"name":"wp","href":"https:\/\/api.w.org\/{rel}","templated":true}]}}